{"id":265,"date":"2026-04-10T21:54:22","date_gmt":"2026-04-10T19:54:22","guid":{"rendered":"https:\/\/www.quilssoientun.fr\/?page_id=265"},"modified":"2026-04-10T21:54:22","modified_gmt":"2026-04-10T19:54:22","slug":"le-couple","status":"publish","type":"page","link":"https:\/\/www.quilssoientun.fr\/index.php\/le-couple\/","title":{"rendered":"Le couple"},"content":{"rendered":"\n<p><\/p>\n\n\n\n<div class=\"wp-block-group alignfull has-global-padding is-content-justification-center is-layout-constrained wp-container-core-group-is-layout-df757ecc wp-block-group-is-layout-constrained\" style=\"margin-top:0;margin-bottom:0;padding-top:calc( 0.5 * var(--wp--style--root--padding-right, var(--wp--custom--gap--horizontal)));padding-right:var(--wp--style--root--padding-right, var(--wp--custom--gap--horizontal));padding-bottom:calc( 0.5 * var(--wp--style--root--padding-right, var(--wp--custom--gap--horizontal)));padding-left:var(--wp--style--root--padding-left, var(--wp--custom--gap--horizontal))\">\n<div style=\"height:calc( 0.25 * var(--wp--style--root--padding-right, var(--wp--custom--gap--horizontal)))\" aria-hidden=\"true\" class=\"wp-block-spacer\"><\/div>\n\n\n\n<div class=\"wp-block-media-text alignfull has-media-on-the-right is-stacked-on-mobile is-vertically-aligned-top\"><div class=\"wp-block-media-text__content\">\n<h2 class=\"wp-block-heading\">Nous ne sommes pas des anges.<\/h2>\n\n\n\n<p>Nous sommes des personnes incarn\u00e9s. Incarn\u00e9s et sexu\u00e9s. Cela dit de nous beaucoup de choses, tant r\u00e9elles que symboliques.<\/p>\n\n\n\n<p>\u00ab\u00a0Homme et femme il les cr\u00e9a\u00a0\u00bb. Telle est la parole fondamentale de la Gen\u00e8se qui s\u00e9pare l\u2019humanit\u00e9 d\u00e8s l\u2019origine en deux \u0153uvres myst\u00e9rieusement compl\u00e9mentaires. Laissons-nous contempler le myst\u00e8re qu\u2019est la femme, le myst\u00e8re qu\u2019est l\u2019homme. Leur signification ontologique et symbolique de l\u2019ordre de la vocation universelle \u00e0 l\u2019amour, une vocation masculine et f\u00e9minine \u00e0 l\u2019union, puis la paternit\u00e9 et la maternit\u00e9.<\/p>\n\n\n\n<p>D\u00e9couvrir ou se r\u00e9approprier la beaut\u00e9 de nos compl\u00e9mentarit\u00e9s et de nos diff\u00e9rences, s\u2019\u00e9merveiller de soi et de l\u2019autre, accueillir l\u2019autre dans sa diff\u00e9rence, se laisser d\u00e9placer par l\u2019autre, laisser chacun \u00eatre ce qu\u2019il est, sans prendre sa place tout en restant \u00e0 la sienne. Si nous sommes compl\u00e9mentaires, nous ne sommes pas \u00ab\u00a0tout\u00a0\u00bb individuellement. Nous ne sommes pas appel\u00e9s \u00e0 devenir des \u00eatres masculins et f\u00e9minins \u00e0 la fois, mais des femmes parfaitement f\u00e9minines et des hommes parfaitement masculins.<\/p>\n\n\n\n<h3 class=\"wp-block-heading\"><strong>Il nous a s\u00e9par\u00e9s pour nous apprendre \u00e0 nous unir, d\u00e9lib\u00e9r\u00e9ment.<\/strong><\/h3>\n\n\n\n<div class=\"wp-block-buttons is-layout-flex wp-block-buttons-is-layout-flex\" style=\"margin-bottom:var(--wp--preset--spacing--40)\">\n<div class=\"wp-block-button\"><a class=\"wp-block-button__link wp-element-button\" href=\"https:\/\/www.quilssoientun.fr\/index.php\/produit\/un-a-corbara-juillet-2026\/\" target=\"_blank\" rel=\"noreferrer noopener\">S&rsquo;INSCRIRE A LA PROCHAINE SESSION COUPLE<\/a><\/div>\n<\/div>\n<\/div><figure class=\"wp-block-media-text__media\"><img loading=\"lazy\" decoding=\"async\" width=\"699\" height=\"1024\" src=\"https:\/\/www.quilssoientun.fr\/wp-content\/uploads\/2026\/03\/Rodin_-_Le_Baiser_06-699x1024.jpg\" alt=\"\" class=\"wp-image-213 size-full\" srcset=\"https:\/\/www.quilssoientun.fr\/wp-content\/uploads\/2026\/03\/Rodin_-_Le_Baiser_06-699x1024.jpg 699w, https:\/\/www.quilssoientun.fr\/wp-content\/uploads\/2026\/03\/Rodin_-_Le_Baiser_06-205x300.jpg 205w, https:\/\/www.quilssoientun.fr\/wp-content\/uploads\/2026\/03\/Rodin_-_Le_Baiser_06.jpg 800w\" sizes=\"auto, (max-width: 699px) 100vw, 699px\" \/><\/figure><\/div>\n\n\n\n<div style=\"height:calc( 0.25 * var(--wp--style--root--padding-right, var(--wp--custom--gap--horizontal)))\" aria-hidden=\"true\" class=\"wp-block-spacer\"><\/div>\n<\/div>\n\n\n\n<p><\/p>\n","protected":false},"excerpt":{"rendered":"<p>Nous ne sommes pas des anges. Nous sommes des personnes incarn\u00e9s. Incarn\u00e9s et sexu\u00e9s. Cela dit de nous beaucoup de choses, tant r\u00e9elles que symboliques. \u00ab\u00a0Homme et femme il les cr\u00e9a\u00a0\u00bb. Telle est la parole fondamentale de la Gen\u00e8se qui s\u00e9pare l\u2019humanit\u00e9 d\u00e8s l\u2019origine en deux \u0153uvres myst\u00e9rieusement compl\u00e9mentaires. Laissons-nous contempler le myst\u00e8re qu\u2019est la &hellip; <\/p>\n<p class=\"link-more\"><a href=\"https:\/\/www.quilssoientun.fr\/index.php\/le-couple\/\" class=\"more-link\">Lire la suite de<span class=\"screen-reader-text\">\u00ab\u00a0Le couple\u00a0\u00bb<\/span><\/a><\/p>\n","protected":false},"author":1,"featured_media":0,"parent":0,"menu_order":0,"comment_status":"closed","ping_status":"closed","template":"","meta":{"inspiro_hide_title":false,"footnotes":""},"class_list":["post-265","page","type-page","status-publish","hentry"],"jetpack_sharing_enabled":true,"_links":{"self":[{"href":"https:\/\/www.quilssoientun.fr\/index.php\/wp-json\/wp\/v2\/pages\/265","targetHints":{"allow":["GET"]}}],"collection":[{"href":"https:\/\/www.quilssoientun.fr\/index.php\/wp-json\/wp\/v2\/pages"}],"about":[{"href":"https:\/\/www.quilssoientun.fr\/index.php\/wp-json\/wp\/v2\/types\/page"}],"author":[{"embeddable":true,"href":"https:\/\/www.quilssoientun.fr\/index.php\/wp-json\/wp\/v2\/users\/1"}],"replies":[{"embeddable":true,"href":"https:\/\/www.quilssoientun.fr\/index.php\/wp-json\/wp\/v2\/comments?post=265"}],"version-history":[{"count":1,"href":"https:\/\/www.quilssoientun.fr\/index.php\/wp-json\/wp\/v2\/pages\/265\/revisions"}],"predecessor-version":[{"id":266,"href":"https:\/\/www.quilssoientun.fr\/index.php\/wp-json\/wp\/v2\/pages\/265\/revisions\/266"}],"wp:attachment":[{"href":"https:\/\/www.quilssoientun.fr\/index.php\/wp-json\/wp\/v2\/media?parent=265"}],"curies":[{"name":"wp","href":"https:\/\/api.w.org\/{rel}","templated":true}]}}