{"id":168,"date":"2026-02-04T19:48:30","date_gmt":"2026-02-04T18:48:30","guid":{"rendered":"https:\/\/www.quilssoientun.fr\/?post_type=product&#038;p=168"},"modified":"2026-03-01T14:23:06","modified_gmt":"2026-03-01T13:23:06","slug":"un-a-corbara-juillet-2026","status":"publish","type":"product","link":"https:\/\/www.quilssoientun.fr\/index.php\/produit\/un-a-corbara-juillet-2026\/","title":{"rendered":"UN \u00e0 Corbara &#8211; juillet 2026 &#8211; pour deux personnes"},"content":{"rendered":"<p>Du mardi 7 juillet avant le diner au dimanche 12 apr\u00e8s midi, dans le magnifique monast\u00e8re de Corbara en Corse, nous vous invitons \u00e0 vivre une semaine pour vivre l&rsquo;unit\u00e9 int\u00e9rieure. <\/p>\n<p>De l&rsquo;\u00e9merveillement et de la contemplation avec Vittoz, des topos pour d\u00e9couvrir la beaut\u00e9 de la cr\u00e9ation que nous sommes comme homme et comme femme, des ateliers Vittoz-Danse pour lib\u00e9rer les corps \u00e0 travers la danse. Osons la vie ! <\/p>\n<p>Pour qui ? Les couples. <\/p>\n<p>Prix pour deux personnes incluant 5 jours pleins en h\u00e9bergement, pension compl\u00e8te et animation par Bertrand et Ariane Chevallier-Chantepie.<br \/>\nPr\u00e9voir des maillots et bain et des chaussures confortables. <\/p>\n<p>Pas de service enfants. <\/p>\n","protected":false},"excerpt":{"rendered":"<p>Du 7 au 11 juillet, dans le magnifique monast\u00e8re de Corbara en Corse, nous vous invitons \u00e0 vivre une semaine pour vivre l&rsquo;unit\u00e9 int\u00e9rieure (unification personnelle) et au sein du couple (unis pour ne faire \u00ab\u00a0qu&rsquo;une seule chair\u00a0\u00bb).<\/p>\n<p>Tarif par couple incluant h\u00e9bergement, pension compl\u00e8te et animation.<\/p>\n","protected":false},"featured_media":169,"comment_status":"closed","ping_status":"closed","template":"","meta":[],"product_brand":[],"product_cat":[18],"product_tag":[],"class_list":{"0":"post-168","1":"product","2":"type-product","3":"status-publish","4":"has-post-thumbnail","6":"product_cat-sejour","8":"first","9":"instock","10":"virtual","11":"purchasable","12":"product-type-simple"},"jetpack_sharing_enabled":true,"_links":{"self":[{"href":"https:\/\/www.quilssoientun.fr\/index.php\/wp-json\/wp\/v2\/product\/168","targetHints":{"allow":["GET"]}}],"collection":[{"href":"https:\/\/www.quilssoientun.fr\/index.php\/wp-json\/wp\/v2\/product"}],"about":[{"href":"https:\/\/www.quilssoientun.fr\/index.php\/wp-json\/wp\/v2\/types\/product"}],"replies":[{"embeddable":true,"href":"https:\/\/www.quilssoientun.fr\/index.php\/wp-json\/wp\/v2\/comments?post=168"}],"wp:featuredmedia":[{"embeddable":true,"href":"https:\/\/www.quilssoientun.fr\/index.php\/wp-json\/wp\/v2\/media\/169"}],"wp:attachment":[{"href":"https:\/\/www.quilssoientun.fr\/index.php\/wp-json\/wp\/v2\/media?parent=168"}],"wp:term":[{"taxonomy":"product_brand","embeddable":true,"href":"https:\/\/www.quilssoientun.fr\/index.php\/wp-json\/wp\/v2\/product_brand?post=168"},{"taxonomy":"product_cat","embeddable":true,"href":"https:\/\/www.quilssoientun.fr\/index.php\/wp-json\/wp\/v2\/product_cat?post=168"},{"taxonomy":"product_tag","embeddable":true,"href":"https:\/\/www.quilssoientun.fr\/index.php\/wp-json\/wp\/v2\/product_tag?post=168"}],"curies":[{"name":"wp","href":"https:\/\/api.w.org\/{rel}","templated":true}]}}